{"id":1487,"date":"2019-10-17T21:48:26","date_gmt":"2019-10-18T00:48:26","guid":{"rendered":"https:\/\/www.benditaobra.com.br\/blog\/?page_id=1487"},"modified":"2019-10-17T23:11:19","modified_gmt":"2019-10-18T02:11:19","slug":"sua-casa-sua-cara","status":"publish","type":"page","link":"https:\/\/www.benditaobra.com.br\/blog\/sua-casa-sua-cara\/","title":{"rendered":"Sua Casa, Sua Cara"},"content":{"rendered":"\n<p>Voc\u00ea encontrou o lugar certo pra tirar suas d\u00favidas, consultar o que precisar e<strong>&nbsp;fazer sua casa como sonha!!<\/strong><\/p>\n\n\n\n<p><br><strong>Engravidou?<\/strong>&nbsp;Temos artigo s\u00f3 sobre quarto do beb\u00ea!<br><strong>Entrou na menopausa?<\/strong>&nbsp;\u00d3timo, sua casa promete um futuro delicioso!<br><strong>Casou?<\/strong>&nbsp;Hora de adequar a casa pra hoje, amanh\u00e3 e pelos pr\u00f3ximos anos!<br><strong>A menina virou mo\u00e7a?<\/strong>&nbsp;Ent\u00e3o chega de coisas de crian\u00e7a!<br>Estamos aqui para orientar voc\u00ea nesse passo-a-passo das reformas e porque n\u00e3o, mudar a casa inteira!<\/p>\n\n\n\n<p>Ah, e lembre-se de assinar o blog aqui em baixo!<\/p>\n\n\n\n<h3 class=\"wp-block-heading\"><a href=\"https:\/\/www.benditaobra.com.br\/blog\/\"><strong>Seja bem vinda! Clique aqui e boa divers\u00e3o!<\/strong><\/a><\/h3>\n","protected":false},"excerpt":{"rendered":"<p>Voc\u00ea encontrou o lugar certo pra tirar suas d\u00favidas, consultar o que precisar e&nbsp;fazer sua casa como sonha!!&#8230;<\/p>\n","protected":false},"author":1,"featured_media":506,"parent":0,"menu_order":0,"comment_status":"closed","ping_status":"closed","template":"","meta":{"content-type":"","_monsterinsights_skip_tracking":false,"_monsterinsights_sitenote_active":false,"_monsterinsights_sitenote_note":"","_monsterinsights_sitenote_category":0,"jetpack_post_was_ever_published":false,"footnotes":""},"class_list":["post-1487","page","type-page","status-publish","has-post-thumbnail","hentry","content-wrap"],"jetpack_sharing_enabled":true,"jetpack_shortlink":"https:\/\/wp.me\/P9O8PB-nZ","_links":{"self":[{"href":"https:\/\/www.benditaobra.com.br\/blog\/wp-json\/wp\/v2\/pages\/1487","targetHints":{"allow":["GET"]}}],"collection":[{"href":"https:\/\/www.benditaobra.com.br\/blog\/wp-json\/wp\/v2\/pages"}],"about":[{"href":"https:\/\/www.benditaobra.com.br\/blog\/wp-json\/wp\/v2\/types\/page"}],"author":[{"embeddable":true,"href":"https:\/\/www.benditaobra.com.br\/blog\/wp-json\/wp\/v2\/users\/1"}],"replies":[{"embeddable":true,"href":"https:\/\/www.benditaobra.com.br\/blog\/wp-json\/wp\/v2\/comments?post=1487"}],"version-history":[{"count":5,"href":"https:\/\/www.benditaobra.com.br\/blog\/wp-json\/wp\/v2\/pages\/1487\/revisions"}],"predecessor-version":[{"id":1504,"href":"https:\/\/www.benditaobra.com.br\/blog\/wp-json\/wp\/v2\/pages\/1487\/revisions\/1504"}],"wp:featuredmedia":[{"embeddable":true,"href":"https:\/\/www.benditaobra.com.br\/blog\/wp-json\/wp\/v2\/media\/506"}],"wp:attachment":[{"href":"https:\/\/www.benditaobra.com.br\/blog\/wp-json\/wp\/v2\/media?parent=1487"}],"curies":[{"name":"wp","href":"https:\/\/api.w.org\/{rel}","templated":true}]}}