{"id":549,"date":"2018-05-16T12:27:21","date_gmt":"2018-05-16T15:27:21","guid":{"rendered":"http:\/\/www.benditaobra.com.br\/blog\/?page_id=549"},"modified":"2018-05-16T12:37:54","modified_gmt":"2018-05-16T15:37:54","slug":"deixe-seu-contato","status":"publish","type":"page","link":"https:\/\/www.benditaobra.com.br\/blog\/deixe-seu-contato\/","title":{"rendered":"Deixe seu contato e j\u00e1 liberamos o seu download"},"content":{"rendered":"<p>Assim podemos avisar voc\u00ea sobre outros conte\u00fados legais!<\/p>\n<div class=\"wpforms-container wpforms-container-full\" id=\"wpforms-546\"><form id=\"wpforms-form-546\" class=\"wpforms-validate wpforms-form\" data-formid=\"546\" method=\"post\" enctype=\"multipart\/form-data\" action=\"\/blog\/wp-json\/wp\/v2\/pages\/549\" data-token=\"429ec49036f97d1914e3066a763c4dc1\" data-token-time=\"1777092086\"><div class=\"wpforms-head-container\"><div class=\"wpforms-title\">Dados de contato<\/div><\/div><noscript class=\"wpforms-error-noscript\">Ative o JavaScript no seu navegador para preencher este formul\u00e1rio.<\/noscript><div class=\"wpforms-field-container\"><div id=\"wpforms-546-field_0-container\" class=\"wpforms-field wpforms-field-name\" data-field-id=\"0\"><label class=\"wpforms-field-label\" for=\"wpforms-546-field_0\">Nome <span class=\"wpforms-required-label\">*<\/span><\/label><input type=\"text\" id=\"wpforms-546-field_0\" class=\"wpforms-field-medium wpforms-field-required\" name=\"wpforms[fields][0]\" required><\/div><div id=\"wpforms-546-field_1-container\" class=\"wpforms-field wpforms-field-email\" data-field-id=\"1\"><label class=\"wpforms-field-label\" for=\"wpforms-546-field_1\">Email <span class=\"wpforms-required-label\">*<\/span><\/label><input type=\"email\" id=\"wpforms-546-field_1\" class=\"wpforms-field-medium wpforms-field-required\" name=\"wpforms[fields][1]\" spellcheck=\"false\" required><\/div><div id=\"wpforms-546-field_2-container\" class=\"wpforms-field wpforms-field-textarea wpforms-two-thirds wpforms-first\" data-field-id=\"2\"><label class=\"wpforms-field-label\" for=\"wpforms-546-field_2\">Quer falar com a gente? Escreva aqui <span class=\"wpforms-required-label\">*<\/span><\/label><textarea id=\"wpforms-546-field_2\" class=\"wpforms-field-medium wpforms-field-required\" name=\"wpforms[fields][2]\" required><\/textarea><\/div><\/div><!-- .wpforms-field-container --><div class=\"wpforms-field wpforms-field-hp\"><label for=\"wpforms-546-field-hp\" class=\"wpforms-field-label\">Website<\/label><input type=\"text\" name=\"wpforms[hp]\" id=\"wpforms-546-field-hp\" class=\"wpforms-field-medium\"><\/div><div class=\"wpforms-submit-container\" ><input type=\"hidden\" name=\"wpforms[id]\" value=\"546\"><input type=\"hidden\" name=\"page_title\" value=\"\"><input type=\"hidden\" name=\"page_url\" value=\"https:\/\/www.benditaobra.com.br\/blog\/wp-json\/wp\/v2\/pages\/549\"><input type=\"hidden\" name=\"url_referer\" value=\"\"><button type=\"submit\" name=\"wpforms[submit]\" id=\"wpforms-submit-546\" class=\"wpforms-submit\" data-alt-text=\"Enviando...\" data-submit-text=\"Pronto!\" aria-live=\"assertive\" value=\"wpforms-submit\">Pronto!<\/button><\/div><\/form><\/div>  <!-- .wpforms-container -->\n<p>Para voltar ao in\u00edcio, <a href=\"http:\/\/www.benditaobra.com.br\/blog\/\"><span style=\"color: #ffcc00;\"><strong>clique aqui<\/strong><\/span><\/a>.<\/p>\n","protected":false},"excerpt":{"rendered":"<p>Assim podemos avisar voc\u00ea sobre outros conte\u00fados legais! Para voltar ao in\u00edcio, clique aqui.<\/p>\n","protected":false},"author":1,"featured_media":0,"parent":0,"menu_order":0,"comment_status":"closed","ping_status":"closed","template":"","meta":{"content-type":"","_monsterinsights_skip_tracking":false,"_monsterinsights_sitenote_active":false,"_monsterinsights_sitenote_note":"","_monsterinsights_sitenote_category":0,"jetpack_post_was_ever_published":false,"footnotes":""},"class_list":["post-549","page","type-page","status-publish","hentry","content-wrap"],"jetpack_sharing_enabled":true,"jetpack_shortlink":"https:\/\/wp.me\/P9O8PB-8R","_links":{"self":[{"href":"https:\/\/www.benditaobra.com.br\/blog\/wp-json\/wp\/v2\/pages\/549","targetHints":{"allow":["GET"]}}],"collection":[{"href":"https:\/\/www.benditaobra.com.br\/blog\/wp-json\/wp\/v2\/pages"}],"about":[{"href":"https:\/\/www.benditaobra.com.br\/blog\/wp-json\/wp\/v2\/types\/page"}],"author":[{"embeddable":true,"href":"https:\/\/www.benditaobra.com.br\/blog\/wp-json\/wp\/v2\/users\/1"}],"replies":[{"embeddable":true,"href":"https:\/\/www.benditaobra.com.br\/blog\/wp-json\/wp\/v2\/comments?post=549"}],"version-history":[{"count":4,"href":"https:\/\/www.benditaobra.com.br\/blog\/wp-json\/wp\/v2\/pages\/549\/revisions"}],"predecessor-version":[{"id":554,"href":"https:\/\/www.benditaobra.com.br\/blog\/wp-json\/wp\/v2\/pages\/549\/revisions\/554"}],"wp:attachment":[{"href":"https:\/\/www.benditaobra.com.br\/blog\/wp-json\/wp\/v2\/media?parent=549"}],"curies":[{"name":"wp","href":"https:\/\/api.w.org\/{rel}","templated":true}]}}